{"id":23583,"date":"2021-04-30T13:27:40","date_gmt":"2021-04-30T17:27:40","guid":{"rendered":"https:\/\/hebdo24.com\/sobre-nosotros\/"},"modified":"2021-04-30T13:27:40","modified_gmt":"2021-04-30T17:27:40","slug":"sobre-nosotros","status":"publish","type":"page","link":"https:\/\/hebdo24.com\/es\/sobre-nosotros\/","title":{"rendered":"Sobre nosotros"},"content":{"rendered":"<p><strong>Hebdo24<\/strong> es un peri\u00f3dico online que ha hecho de la permanencia, pero tambi\u00e9n del rigor en el tratamiento de la informaci\u00f3n, su caballo de batalla. En la era digital, donde la tendencia a tomar el camino f\u00e1cil est\u00e1 muy extendida, este medio pretende destacar entre la multitud evitando los caminos trillados. <\/p>\n<p><img loading=\"lazy\" decoding=\"async\" class=\" wp-image-17034 aligncenter\" src=\"https:\/\/hebdo24.com\/wp-content\/uploads\/2024\/07\/Apropos-Hebdo24-300x169.jpg\" alt=\"A prop\u00f3sito de Hebdo24\" width=\"601\" height=\"339\" srcset=\"https:\/\/hebdo24.com\/wp-content\/uploads\/2024\/07\/Apropos-Hebdo24-300x169.jpg 300w, https:\/\/hebdo24.com\/wp-content\/uploads\/2024\/07\/Apropos-Hebdo24-768x432.jpg 768w, https:\/\/hebdo24.com\/wp-content\/uploads\/2024\/07\/Apropos-Hebdo24-750x422.jpg 750w, https:\/\/hebdo24.com\/wp-content\/uploads\/2024\/07\/Apropos-Hebdo24.jpg 949w\" sizes=\"auto, (max-width: 601px) 100vw, 601px\" \/><\/p>\n","protected":false},"excerpt":{"rendered":"<p>Hebdo24 es un peri\u00f3dico online que ha hecho de la permanencia, pero tambi\u00e9n del rigor en el tratamiento de la informaci\u00f3n, su caballo de batalla. En la era digital, donde la tendencia a tomar el camino f\u00e1cil est\u00e1 muy extendida, este medio pretende destacar entre la multitud evitando los caminos trillados.<\/p>\n","protected":false},"author":54,"featured_media":0,"parent":0,"menu_order":0,"comment_status":"closed","ping_status":"closed","template":"elementor_theme","meta":{"footnotes":""},"class_list":["post-23583","page","type-page","status-publish"],"_links":{"self":[{"href":"https:\/\/hebdo24.com\/es\/wp-json\/wp\/v2\/pages\/23583","targetHints":{"allow":["GET"]}}],"collection":[{"href":"https:\/\/hebdo24.com\/es\/wp-json\/wp\/v2\/pages"}],"about":[{"href":"https:\/\/hebdo24.com\/es\/wp-json\/wp\/v2\/types\/page"}],"author":[{"embeddable":true,"href":"https:\/\/hebdo24.com\/es\/wp-json\/wp\/v2\/users\/54"}],"replies":[{"embeddable":true,"href":"https:\/\/hebdo24.com\/es\/wp-json\/wp\/v2\/comments?post=23583"}],"version-history":[{"count":0,"href":"https:\/\/hebdo24.com\/es\/wp-json\/wp\/v2\/pages\/23583\/revisions"}],"wp:attachment":[{"href":"https:\/\/hebdo24.com\/es\/wp-json\/wp\/v2\/media?parent=23583"}],"curies":[{"name":"wp","href":"https:\/\/api.w.org\/{rel}","templated":true}]}}