{"id":23565,"date":"2024-01-01T11:24:32","date_gmt":"2024-01-01T16:24:32","guid":{"rendered":"https:\/\/hebdo24.com\/politica-de-privacidad\/"},"modified":"2025-08-23T08:00:50","modified_gmt":"2025-08-23T12:00:50","slug":"politica-de-privacidad-2","status":"publish","type":"page","link":"https:\/\/hebdo24.com\/es\/politica-de-privacidad-2\/","title":{"rendered":"Pol\u00edtica de privacidad"},"content":{"rendered":"<p><strong>POL\u00cdTICA DE PRIVACIDAD<\/strong><br \/>\nTu privacidad y seguridad son importantes para nosotros.<\/p>\n<p><strong>Hebdo24<\/strong> gestiona el sitio web vinculado a hebdo24.com (en lo sucesivo, el \u00abSitio\u00bb). El uso del sitio se rige por las condiciones establecidas a continuaci\u00f3n, que constituyen un contrato entre t\u00fa y Hebdo24. Al utilizar el sitio, reconoces que has le\u00eddo y comprendido estas condiciones.<\/p>\n<p><strong>Respeto a tu privacidad<\/strong><br \/>\nPuedes visitar el sitio web <strong>hebdo24.<\/strong> com de forma an\u00f3nima en cualquier momento sin revelar ninguna informaci\u00f3n personal. Cuando te conectas a nuestro sitio, como con cualquier otro sitio web, nuestro servidor detecta la direcci\u00f3n IP de tu ordenador para permitir el intercambio de datos. <strong>Hebdo24<\/strong> utiliza esta direcci\u00f3n IP para elaborar estad\u00edsticas sobre las visitas a su sitio. (Por ejemplo, en las p\u00e1ginas m\u00e1s consultadas). No se vincula ninguna informaci\u00f3n personal a tu direcci\u00f3n IP.<\/p>\n<p>\u00bfQu\u00e9 informaci\u00f3n recopila <strong>Hebdo24<\/strong> sobre ti?<br \/>\nEn determinadas circunstancias, cuando te registras en un servicio, Hebdo24 te pide que proporciones tu nombre, direcci\u00f3n, direcci\u00f3n de correo electr\u00f3nico, n\u00famero de tel\u00e9fono, ciudad, departamento, edad y, si est\u00e1s de acuerdo, algunos otros datos. Siempre que sea posible, Hebdo24 te proporcionar\u00e1 los medios para verificar que la informaci\u00f3n confidencial que transmites es exacta y est\u00e1 actualizada.<\/p>\n<p>\u00bfQu\u00e9 uso hace <strong>Hebdo24<\/strong> de la informaci\u00f3n recopilada?<br \/>\nLa informaci\u00f3n que Hebdo24 recopila sobre ti le permite abrir una cuenta a tu nombre, procesar tu pedido, personalizar su relaci\u00f3n contigo y enviarte de vez en cuando informaci\u00f3n personalizada sobre el sitio, sus servicios o sus productos (Newsletter, App, etc.). Nunca hacemos env\u00edos m\u00faltiples abusivos. <strong>Hebdo24<\/strong> puede poner ocasionalmente la lista de correo de los suscriptores del peri\u00f3dico a disposici\u00f3n de organizaciones reconocidas cuya causa, productos o servicios puedan interesar a nuestros lectores. Si no deseas recibir correspondencia de estas organizaciones, notif\u00edcalo a nuestro Servicio de Atenci\u00f3n al Cliente.<\/p>\n<p><strong>Hebdo24<\/strong><br \/>\nDirecci\u00f3n: 24, Cote plage 18 Carrefour HT, 6130, Hait\u00ed<br \/>\nTel\u00e9fono: 3324-2424<br \/>\nCorreo electr\u00f3nico: <a href=\"mailto:contact@hebdo24.com\">contact@hebdo24.com<\/a><\/p>\n<p><strong>Enlaces a otros sitios web<\/strong><br \/>\nEl sitio contiene enlaces a sitios web gestionados por otras organizaciones. Al hacer clic en estos enlaces, abandonas el sitio. <strong>Hebdo24<\/strong> no tiene ning\u00fan control sobre el funcionamiento de estos sitios web y el hecho de que figuren en <strong>Hebdo24<\/strong> no implica en modo alguno su responsabilidad. Te recomendamos que prestes especial atenci\u00f3n a las pol\u00edticas de protecci\u00f3n de datos personales de estos sitios.<\/p>\n<p><strong>Cookies<\/strong><br \/>\nUna cookie es un peque\u00f1o archivo de texto que algunas p\u00e1ginas web del sitio almacenan en tu disco duro. Las cookies son inofensivas en el sentido de que no pueden extraer informaci\u00f3n de tu disco duro, sobre la que tienes pleno control.<strong> Hebdo24<\/strong> puede utilizar cookies para personalizar tu uso del sitio. Puedes rechazar las cookies en cualquier momento cambiando la configuraci\u00f3n de tu ordenador.<\/p>\n<p><strong>Propiedad intelectual<\/strong><br \/>\nEl contenido incluido en el sitio est\u00e1 protegido por las leyes de derechos de autor y tratados internacionales. Cualquier reproducci\u00f3n, publicaci\u00f3n, distribuci\u00f3n o ejecuci\u00f3n p\u00fablica del contenido incluido en el sitio, en parte o en su totalidad, para fines distintos del uso personal, est\u00e1 estrictamente prohibida. El sitio o cualquier parte del mismo no puede ser copiado, duplicado, reproducido, vendido, alquilado o utilizado de cualquier otra forma con fines comerciales, salvo con la aprobaci\u00f3n previa de <strong>Hebdo24<\/strong>.<\/p>\n<p><strong>Pol\u00edticas de acceso<\/strong><br \/>\n<strong>Hebdo24<\/strong> se reserva el derecho a denegar el acceso a su sitio web y, en particular, a sus foros de debate y otras zonas p\u00fablicas, a cualquier persona cuya conducta sea ilegal, perjudicial, inapropiada o susceptible de serlo con respecto a <strong>Hebdo24<\/strong>, a uno de sus socios o al p\u00fablico en general.<\/p>\n<p><strong>Legislaci\u00f3n aplicable<\/strong><br \/>\nEl presente contrato est\u00e1 sujeto a la legislaci\u00f3n vigente en Hait\u00ed.<\/p>\n<p><strong>Ponte en contacto con nosotros<\/strong><br \/>\nSi tienes alguna pregunta o queja sobre la protecci\u00f3n de tu informaci\u00f3n personal, ponte en contacto con <strong>Hebdo24<\/strong> inmediatamente:<\/p>\n<p><strong>Hebdo24<\/strong><br \/>\nDirecci\u00f3n: 24, Cote plage 18 Carrefour HT, 6130, Hait\u00ed<br \/>\nTel\u00e9fono: 3324-2424<br \/>\nCorreo electr\u00f3nico: <a href=\"mailto:contact@hebdo24.com\">contact@hebdo24.com<\/a><\/p>\n","protected":false},"excerpt":{"rendered":"<p>POL\u00cdTICA DE PRIVACIDAD Tu privacidad y seguridad son importantes para nosotros. Hebdo24 gestiona el sitio web vinculado a hebdo24.com (en lo sucesivo, el \u00abSitio\u00bb). El uso del sitio se rige por las condiciones establecidas a continuaci\u00f3n, que constituyen un contrato entre t\u00fa y Hebdo24. Al utilizar el sitio, reconoces que has le\u00eddo y comprendido estas [&hellip;]<\/p>\n","protected":false},"author":31,"featured_media":0,"parent":0,"menu_order":0,"comment_status":"closed","ping_status":"closed","template":"","meta":{"footnotes":""},"class_list":["post-23565","page","type-page","status-publish"],"_links":{"self":[{"href":"https:\/\/hebdo24.com\/es\/wp-json\/wp\/v2\/pages\/23565","targetHints":{"allow":["GET"]}}],"collection":[{"href":"https:\/\/hebdo24.com\/es\/wp-json\/wp\/v2\/pages"}],"about":[{"href":"https:\/\/hebdo24.com\/es\/wp-json\/wp\/v2\/types\/page"}],"author":[{"embeddable":true,"href":"https:\/\/hebdo24.com\/es\/wp-json\/wp\/v2\/users\/31"}],"replies":[{"embeddable":true,"href":"https:\/\/hebdo24.com\/es\/wp-json\/wp\/v2\/comments?post=23565"}],"version-history":[{"count":1,"href":"https:\/\/hebdo24.com\/es\/wp-json\/wp\/v2\/pages\/23565\/revisions"}],"predecessor-version":[{"id":27041,"href":"https:\/\/hebdo24.com\/es\/wp-json\/wp\/v2\/pages\/23565\/revisions\/27041"}],"wp:attachment":[{"href":"https:\/\/hebdo24.com\/es\/wp-json\/wp\/v2\/media?parent=23565"}],"curies":[{"name":"wp","href":"https:\/\/api.w.org\/{rel}","templated":true}]}}