{"id":23560,"date":"2024-01-01T11:09:40","date_gmt":"2024-01-01T16:09:40","guid":{"rendered":"https:\/\/hebdo24.com\/aviso-legal-2\/"},"modified":"2024-01-01T11:09:40","modified_gmt":"2024-01-01T16:09:40","slug":"aviso-legal-2","status":"publish","type":"page","link":"https:\/\/hebdo24.com\/es\/aviso-legal-2\/","title":{"rendered":"Aviso legal"},"content":{"rendered":"<p><strong>CONDICIONES GENERALES DE USO<\/strong><\/p>\n<p>Este sitio es propiedad y est\u00e1 gestionado por <strong>Hebdo24<\/strong> (en lo sucesivo, \u00abel Editor\u00bb). Al utilizar o acceder a este sitio, aceptas, sin limitaci\u00f3n alguna, estar vinculado por estos t\u00e9rminos y condiciones y cumplirlos: <\/p>\n<p>1. Todos los elementos de este sitio (incluidos, entre otros, textos, art\u00edculos, fotograf\u00edas, im\u00e1genes, ilustraciones, extractos de sonido y v\u00eddeo, software, etc.) est\u00e1n protegidos por derechos de autor, que son propiedad del Editor, de sus licenciatarios o de terceros que act\u00faan como proveedores de contenidos. Con las excepciones aqu\u00ed mencionadas, todos los derechos sobre el contenido de este sitio est\u00e1n reservados a sus respectivos propietarios. <\/p>\n<p>2. El Editor te concede una licencia limitada, no exclusiva e intransferible para utilizar el Sitio y mostrar en tu ordenador u otro dispositivo electr\u00f3nico los materiales del Sitio para tu uso personal y no comercial.<\/p>\n<p>3. Queda terminantemente prohibido copiar, reproducir, modificar, publicar, distribuir o participar en la distribuci\u00f3n o venta del contenido de este sitio, crear obras derivadas del mismo, traducir, descargar, conceder licencias de uso o explotaci\u00f3n, o explotar de cualquier forma, los elementos que aparecen en el sitio, en su totalidad o en parte.<\/p>\n<p>4. Asimismo, te comprometes a no interferir ni intentar interferir en las actividades normales o el funcionamiento del Sitio mediante el uso de m\u00e9todos como el almacenamiento en cach\u00e9, el framing, los enlaces profundos o medios similares sin el consentimiento previo por escrito del Editor.<\/p>\n<p>5. Tambi\u00e9n te comprometes a no utilizar ning\u00fan dispositivo autom\u00e1tico, rob\u00f3tico o manual para catalogar, resumir, controlar o copiar este sitio y su contenido con ning\u00fan fin sin el consentimiento previo por escrito del Editor.<\/p>\n<p>6. Si deseas reproducir, distribuir, archivar o hacer cualquier otro uso comercial del material contenido en este sitio, o si deseas producir rese\u00f1as de prensa o cualquier otra forma de seguimiento medi\u00e1tico basado en el material contenido en este sitio, debes adquirir primero los derechos de licencia necesarios poni\u00e9ndote en contacto con nosotros:<\/p>\n<p>7. <strong>Hebdo24<\/strong><br \/>\nDirecci\u00f3n: 24 Cote Plage 18, Carrefour 6130, Hait\u00ed<br \/>\nTel\u00e9fono: 3324-2424<br \/>\nCorreo electr\u00f3nico: contact@hebdo24.com<\/p>\n<p>8. El Editor se reserva el derecho a denegar el acceso a su sitio y, en particular, a sus foros de debate y otras zonas p\u00fablicas, a toda persona cuya conducta sea ilegal, perjudicial, inapropiada o susceptible de serlo con respecto a Hebdo24, a uno de sus socios o al p\u00fablico en general.<\/p>\n<p>9. Las marcas y logotipos utilizados o que aparecen en este sitio son propiedad del Editor o de terceros. Nada de lo contenido en este sitio debe interpretarse como concesi\u00f3n, directa o indirecta, de licencia o derecho alguno para utilizar dichas marcas o logotipos sin el permiso previo por escrito de su propietario. <\/p>\n<p>10. Al utilizar este sitio, aceptas y garantizas que:<br \/>\n* (i) el uso que hagas de este sitio es por tu cuenta y riesgo; y<br \/>\n* (ii) los materiales de este sitio se proporcionan \u00abtal cual\u00bb y \u00abseg\u00fan disponibilidad\u00bb. El Editor renuncia expresamente a todas las garant\u00edas de cualquier tipo, ya sean expresas o impl\u00edcitas, incluidas, entre otras, las garant\u00edas de comerciabilidad, idoneidad para un fin determinado, no infracci\u00f3n de derechos de terceros, exactitud y no infracci\u00f3n de derechos de propiedad intelectual. <\/p>\n<p>11. Al utilizar este sitio, aceptas y garantizas que la Editorial no ser\u00e1 responsable de ning\u00fan da\u00f1o directo, indirecto, especial, incidental, consecuente o ejemplar, incluidos los da\u00f1os por p\u00e9rdida de beneficios, fondo de comercio, uso, datos u otras p\u00e9rdidas (incluso si la Editorial ha sido advertida de la posibilidad de tales da\u00f1os), que se deriven de:<br \/>\n* (i) el uso o la imposibilidad de usar el sitio,<br \/>\n(ii) el uso de los materiales de este sitio, o<br \/>\n(iii) cualquier asunto relacionado con este sitio y sus contenidos.<\/p>\n<p>12. Los t\u00e9rminos del presente documento est\u00e1n sujetos y se interpretar\u00e1n de acuerdo con las leyes vigentes en Hait\u00ed.<\/p>\n","protected":false},"excerpt":{"rendered":"<p>CONDICIONES GENERALES DE USO Este sitio es propiedad y est\u00e1 gestionado por Hebdo24 (en lo sucesivo, \u00abel Editor\u00bb). Al utilizar o acceder a este sitio, aceptas, sin limitaci\u00f3n alguna, estar vinculado por estos t\u00e9rminos y condiciones y cumplirlos: 1. Todos los elementos de este sitio (incluidos, entre otros, textos, art\u00edculos, fotograf\u00edas, im\u00e1genes, ilustraciones, extractos de [&hellip;]<\/p>\n","protected":false},"author":31,"featured_media":0,"parent":0,"menu_order":0,"comment_status":"closed","ping_status":"closed","template":"","meta":{"footnotes":""},"class_list":["post-23560","page","type-page","status-publish"],"_links":{"self":[{"href":"https:\/\/hebdo24.com\/es\/wp-json\/wp\/v2\/pages\/23560","targetHints":{"allow":["GET"]}}],"collection":[{"href":"https:\/\/hebdo24.com\/es\/wp-json\/wp\/v2\/pages"}],"about":[{"href":"https:\/\/hebdo24.com\/es\/wp-json\/wp\/v2\/types\/page"}],"author":[{"embeddable":true,"href":"https:\/\/hebdo24.com\/es\/wp-json\/wp\/v2\/users\/31"}],"replies":[{"embeddable":true,"href":"https:\/\/hebdo24.com\/es\/wp-json\/wp\/v2\/comments?post=23560"}],"version-history":[{"count":0,"href":"https:\/\/hebdo24.com\/es\/wp-json\/wp\/v2\/pages\/23560\/revisions"}],"wp:attachment":[{"href":"https:\/\/hebdo24.com\/es\/wp-json\/wp\/v2\/media?parent=23560"}],"curies":[{"name":"wp","href":"https:\/\/api.w.org\/{rel}","templated":true}]}}