{"id":23585,"date":"2024-05-19T16:24:49","date_gmt":"2024-05-19T20:24:49","guid":{"rendered":"https:\/\/hebdo24.com\/contact-us-2\/"},"modified":"2025-05-11T17:44:46","modified_gmt":"2025-05-11T21:44:46","slug":"contact-us-2","status":"publish","type":"page","link":"https:\/\/hebdo24.com\/en\/contact-us-2\/","title":{"rendered":"Contact us"},"content":{"rendered":"<p>Hebdo24<br \/>Address: 24 Cote Plage 18, Carrefour 6130, Haiti<br \/>Telephone: +509 3324-2424<br \/>Email: <a href=\"mailto:contact@hebdo24.com\" target=\"_blank\" rel=\"noopener\">contact@hebdo24.com<\/a><\/p>\n<p>We do our best to process all requests within 24 hours. You can contact us about : <\/p>\n<ul>\n<li>An abuse, an error to report<\/li>\n<li>An insertion in the newspaper<\/li>\n<li>Advertising<\/li>\n<\/ul>\n<p>To publish an article, please contact us at: <a href=\"mailto:redaction@hebdo24.com\" target=\"_blank\" rel=\"noopener\">redaction@hebdo24.com<\/a><\/p>\n<form data-form_id=\"6\" id=\"fluentform_6\" data-form_instance=\"ff_form_instance_6_1\" method=\"POST\" >\n<fieldset  style=\"border: none!important;margin: 0!important;padding: 0!important;background-color: transparent!important;box-shadow: none!important;outline: none!important; min-inline-size: 100%;\">\n<legend style=\"display: block; margin: 0!important;padding: 0!important;height: 0!important;text-indent: -999999px;width: 0!important;overflow:hidden;\">Contact Form<\/legend>\n<p style=\"display: none !important;\" data-prefix=\"ak_\"><label>&#916;<textarea name=\"ak_hp_textarea\" cols=\"45\" rows=\"8\" maxlength=\"100\"><\/textarea><\/label><input type=\"hidden\" id=\"ak_js_1\" name=\"ak_js\" value=\"110\"\/><\/p>\n<p><input type='hidden' name='__fluent_form_embded_post_id' value='' \/><input type=\"hidden\" id=\"_fluentform_6_fluentformnonce\" name=\"_fluentform_6_fluentformnonce\" value=\"eabb35ba1a\" \/><input type=\"hidden\" name=\"_wp_http_referer\" value=\"\/wp-json\/wpml\/tm\/v1\/ate\/jobs\/receive\/53\" \/><label for='ff_6_names_first_name_' >Pr\u00e9nom<\/label><input type=\"text\" name=\"names[first_name]\" id=\"ff_6_names_first_name_\" placeholder=\"Pr\u00e9nom\" aria-invalid=\"false\" aria-required=true><label for='ff_6_names_last_name_' >Nom<\/label><input type=\"text\" name=\"names[last_name]\" id=\"ff_6_names_last_name_\" placeholder=\"Nom\" aria-invalid=\"false\" aria-required=true><label for='ff_6_email' aria-label=\"Email\">Email<\/label><input type=\"email\" name=\"email\" id=\"ff_6_email\" placeholder=\"Email\" data-name=\"email\"  aria-invalid=\"false\" aria-required=true><label for='ff_6_input_text' aria-label=\"T\u00e9l\u00e9phone\">T\u00e9l\u00e9phone<\/label><input type=\"text\" name=\"input_text\" data-name=\"input_text\" id=\"ff_6_input_text\"  aria-invalid=\"false\" aria-required=true><label for='ff_6_message' aria-label=\"Message\">Message<\/label><textarea aria-invalid=\"false\" aria-required=true name=\"message\" id=\"ff_6_message\" placeholder=\"Message\" rows=\"4\" cols=\"2\" data-name=\"message\" ><\/textarea><button type=\"submit\" >Envoyer<\/button><\/fieldset>\n<\/form>\n","protected":false},"excerpt":{"rendered":"<p>Hebdo24Address: 24 Cote Plage 18, Carrefour 6130, HaitiTelephone: +509 3324-2424Email: contact@hebdo24.com We do our best to process all requests within 24 hours. You can contact us about : An abuse, an error to report An insertion in the newspaper Advertising To publish an article, please contact us at: redaction@hebdo24.com Contact Form &#916; Pr\u00e9nomNomEmailT\u00e9l\u00e9phoneMessageEnvoyer<\/p>\n","protected":false},"author":31,"featured_media":0,"parent":0,"menu_order":0,"comment_status":"closed","ping_status":"closed","template":"","meta":{"footnotes":""},"class_list":["post-23585","page","type-page","status-publish"],"_links":{"self":[{"href":"https:\/\/hebdo24.com\/en\/wp-json\/wp\/v2\/pages\/23585","targetHints":{"allow":["GET"]}}],"collection":[{"href":"https:\/\/hebdo24.com\/en\/wp-json\/wp\/v2\/pages"}],"about":[{"href":"https:\/\/hebdo24.com\/en\/wp-json\/wp\/v2\/types\/page"}],"author":[{"embeddable":true,"href":"https:\/\/hebdo24.com\/en\/wp-json\/wp\/v2\/users\/31"}],"replies":[{"embeddable":true,"href":"https:\/\/hebdo24.com\/en\/wp-json\/wp\/v2\/comments?post=23585"}],"version-history":[{"count":1,"href":"https:\/\/hebdo24.com\/en\/wp-json\/wp\/v2\/pages\/23585\/revisions"}],"predecessor-version":[{"id":23590,"href":"https:\/\/hebdo24.com\/en\/wp-json\/wp\/v2\/pages\/23585\/revisions\/23590"}],"wp:attachment":[{"href":"https:\/\/hebdo24.com\/en\/wp-json\/wp\/v2\/media?parent=23585"}],"curies":[{"name":"wp","href":"https:\/\/api.w.org\/{rel}","templated":true}]}}